{"id":61,"date":"2025-05-28T02:08:36","date_gmt":"2025-05-28T02:08:36","guid":{"rendered":"https:\/\/arenalfamilytransfers.com\/?page_id=61"},"modified":"2025-12-08T11:43:36","modified_gmt":"2025-12-08T17:43:36","slug":"point-to-point","status":"publish","type":"page","link":"https:\/\/arenalfamilytransfers.com\/en\/point-to-point\/","title":{"rendered":"Transportation Info"},"content":{"rendered":"<div aria-label=\"Offset Gallery\" class=\"wp-block-coblocks-gallery-offset alignfull coblocks-animate\" data-coblocks-animation=\"clipVertical\"><ul class=\"coblocks-gallery has-border-radius-5 has-caption-style-light has-medium-images has-custom-gutter\" style=\"--coblocks-custom-gutter:0.4em\"><li class=\"coblocks-gallery--item coblocks-animate\" data-coblocks-animation=\"clipVertical\"><figure class=\"wp-block-coblocks-gallery-offset__figure\"><img loading=\"lazy\" decoding=\"async\" width=\"1024\" height=\"768\" src=\"https:\/\/arenalfamilytransfers.com\/wp-content\/uploads\/2025\/07\/LISTAS-SIN-LOGOS-4-1024x768.jpg\" alt=\"\" data-id=\"220\" data-imglink=\"\" data-link=\"https:\/\/arenalfamilytransfers.com\/home-page\/listas-sin-logos-4\/\" class=\"wp-image-220\" srcset=\"https:\/\/arenalfamilytransfers.com\/wp-content\/uploads\/2025\/07\/LISTAS-SIN-LOGOS-4-1024x768.jpg 1024w, https:\/\/arenalfamilytransfers.com\/wp-content\/uploads\/2025\/07\/LISTAS-SIN-LOGOS-4-300x225.jpg 300w, https:\/\/arenalfamilytransfers.com\/wp-content\/uploads\/2025\/07\/LISTAS-SIN-LOGOS-4-768x576.jpg 768w, https:\/\/arenalfamilytransfers.com\/wp-content\/uploads\/2025\/07\/LISTAS-SIN-LOGOS-4.jpg 1280w\" sizes=\"auto, (max-width: 1024px) 100vw, 1024px\" \/><\/figure><\/li><li class=\"coblocks-gallery--item coblocks-animate\" data-coblocks-animation=\"clipVertical\"><figure class=\"wp-block-coblocks-gallery-offset__figure\"><img loading=\"lazy\" decoding=\"async\" width=\"768\" height=\"1024\" src=\"https:\/\/arenalfamilytransfers.com\/wp-content\/uploads\/2025\/12\/new2-1-768x1024.jpg\" alt=\"\" data-id=\"350\" data-imglink=\"\" data-link=\"https:\/\/arenalfamilytransfers.com\/point-to-point\/new2-2\/\" class=\"wp-image-350\" srcset=\"https:\/\/arenalfamilytransfers.com\/wp-content\/uploads\/2025\/12\/new2-1-768x1024.jpg 768w, https:\/\/arenalfamilytransfers.com\/wp-content\/uploads\/2025\/12\/new2-1-225x300.jpg 225w, https:\/\/arenalfamilytransfers.com\/wp-content\/uploads\/2025\/12\/new2-1.jpg 960w\" sizes=\"auto, (max-width: 768px) 100vw, 768px\" \/><\/figure><\/li><li class=\"coblocks-gallery--item coblocks-animate\" data-coblocks-animation=\"clipVertical\"><figure class=\"wp-block-coblocks-gallery-offset__figure\"><img loading=\"lazy\" decoding=\"async\" width=\"720\" height=\"453\" src=\"https:\/\/arenalfamilytransfers.com\/wp-content\/uploads\/2025\/05\/v1.jpg\" alt=\"\" data-id=\"35\" data-imglink=\"\" data-link=\"https:\/\/arenalfamilytransfers.com\/home-page\/v1\/\" class=\"wp-image-35\" srcset=\"https:\/\/arenalfamilytransfers.com\/wp-content\/uploads\/2025\/05\/v1.jpg 720w, https:\/\/arenalfamilytransfers.com\/wp-content\/uploads\/2025\/05\/v1-300x189.jpg 300w\" sizes=\"auto, (max-width: 720px) 100vw, 720px\" \/><\/figure><\/li><li class=\"coblocks-gallery--item coblocks-animate\" data-coblocks-animation=\"clipVertical\"><figure class=\"wp-block-coblocks-gallery-offset__figure\"><img loading=\"lazy\" decoding=\"async\" width=\"1024\" height=\"755\" src=\"https:\/\/arenalfamilytransfers.com\/wp-content\/uploads\/2025\/07\/LISTAS-SIN-LOGOS-5-1024x755.jpg\" alt=\"\" data-id=\"221\" data-imglink=\"\" data-link=\"https:\/\/arenalfamilytransfers.com\/home-page\/listas-sin-logos-5\/\" class=\"wp-image-221\" srcset=\"https:\/\/arenalfamilytransfers.com\/wp-content\/uploads\/2025\/07\/LISTAS-SIN-LOGOS-5-1024x755.jpg 1024w, https:\/\/arenalfamilytransfers.com\/wp-content\/uploads\/2025\/07\/LISTAS-SIN-LOGOS-5-300x221.jpg 300w, https:\/\/arenalfamilytransfers.com\/wp-content\/uploads\/2025\/07\/LISTAS-SIN-LOGOS-5-768x566.jpg 768w, https:\/\/arenalfamilytransfers.com\/wp-content\/uploads\/2025\/07\/LISTAS-SIN-LOGOS-5.jpg 1216w\" sizes=\"auto, (max-width: 1024px) 100vw, 1024px\" \/><\/figure><\/li><li class=\"coblocks-gallery--item coblocks-animate\" data-coblocks-animation=\"clipVertical\"><figure class=\"wp-block-coblocks-gallery-offset__figure\"><img loading=\"lazy\" decoding=\"async\" width=\"1024\" height=\"768\" src=\"https:\/\/arenalfamilytransfers.com\/wp-content\/uploads\/2025\/05\/2-1024x768.jpg\" alt=\"\" data-id=\"30\" data-imglink=\"\" data-link=\"https:\/\/arenalfamilytransfers.com\/home-page\/attachment\/2\/\" class=\"wp-image-30\" srcset=\"https:\/\/arenalfamilytransfers.com\/wp-content\/uploads\/2025\/05\/2-1024x768.jpg 1024w, https:\/\/arenalfamilytransfers.com\/wp-content\/uploads\/2025\/05\/2-300x225.jpg 300w, https:\/\/arenalfamilytransfers.com\/wp-content\/uploads\/2025\/05\/2-768x576.jpg 768w, https:\/\/arenalfamilytransfers.com\/wp-content\/uploads\/2025\/05\/2-1536x1152.jpg 1536w, https:\/\/arenalfamilytransfers.com\/wp-content\/uploads\/2025\/05\/2.jpg 1600w\" sizes=\"auto, (max-width: 1024px) 100vw, 1024px\" \/><\/figure><\/li><li class=\"coblocks-gallery--item coblocks-animate\" data-coblocks-animation=\"clipVertical\"><figure class=\"wp-block-coblocks-gallery-offset__figure\"><img loading=\"lazy\" decoding=\"async\" width=\"768\" height=\"1024\" src=\"https:\/\/arenalfamilytransfers.com\/wp-content\/uploads\/2025\/08\/1-768x1024.jpg\" alt=\"\" data-id=\"327\" data-imglink=\"\" data-link=\"https:\/\/arenalfamilytransfers.com\/home-page\/attachment\/1\/\" class=\"wp-image-327\" srcset=\"https:\/\/arenalfamilytransfers.com\/wp-content\/uploads\/2025\/08\/1-768x1024.jpg 768w, https:\/\/arenalfamilytransfers.com\/wp-content\/uploads\/2025\/08\/1-225x300.jpg 225w, https:\/\/arenalfamilytransfers.com\/wp-content\/uploads\/2025\/08\/1.jpg 960w\" sizes=\"auto, (max-width: 768px) 100vw, 768px\" \/><\/figure><\/li><li class=\"coblocks-gallery--item coblocks-animate\" data-coblocks-animation=\"clipVertical\"><figure class=\"wp-block-coblocks-gallery-offset__figure\"><img loading=\"lazy\" decoding=\"async\" width=\"720\" height=\"900\" src=\"https:\/\/arenalfamilytransfers.com\/wp-content\/uploads\/2025\/05\/imagen.jpg\" alt=\"\" data-id=\"34\" data-imglink=\"\" data-link=\"https:\/\/arenalfamilytransfers.com\/home-page\/imagen\/\" class=\"wp-image-34\" srcset=\"https:\/\/arenalfamilytransfers.com\/wp-content\/uploads\/2025\/05\/imagen.jpg 720w, https:\/\/arenalfamilytransfers.com\/wp-content\/uploads\/2025\/05\/imagen-240x300.jpg 240w\" sizes=\"auto, (max-width: 720px) 100vw, 720px\" \/><\/figure><\/li><li class=\"coblocks-gallery--item coblocks-animate\" data-coblocks-animation=\"clipVertical\"><figure class=\"wp-block-coblocks-gallery-offset__figure\"><img loading=\"lazy\" decoding=\"async\" width=\"1024\" height=\"938\" src=\"https:\/\/arenalfamilytransfers.com\/wp-content\/uploads\/2025\/08\/3-1024x938.jpg\" alt=\"\" data-id=\"329\" data-imglink=\"\" data-link=\"https:\/\/arenalfamilytransfers.com\/home-page\/attachment\/3\/\" class=\"wp-image-329\" srcset=\"https:\/\/arenalfamilytransfers.com\/wp-content\/uploads\/2025\/08\/3-1024x938.jpg 1024w, https:\/\/arenalfamilytransfers.com\/wp-content\/uploads\/2025\/08\/3-300x275.jpg 300w, https:\/\/arenalfamilytransfers.com\/wp-content\/uploads\/2025\/08\/3-768x704.jpg 768w, https:\/\/arenalfamilytransfers.com\/wp-content\/uploads\/2025\/08\/3.jpg 1280w\" sizes=\"auto, (max-width: 1024px) 100vw, 1024px\" \/><\/figure><\/li><li class=\"coblocks-gallery--item coblocks-animate\" data-coblocks-animation=\"clipVertical\"><figure class=\"wp-block-coblocks-gallery-offset__figure\"><img loading=\"lazy\" decoding=\"async\" width=\"1024\" height=\"936\" src=\"https:\/\/arenalfamilytransfers.com\/wp-content\/uploads\/2025\/08\/2.2-1024x936.jpg\" alt=\"\" data-id=\"337\" data-imglink=\"\" data-link=\"https:\/\/arenalfamilytransfers.com\/point-to-point\/2-2-2\/\" class=\"wp-image-337\" srcset=\"https:\/\/arenalfamilytransfers.com\/wp-content\/uploads\/2025\/08\/2.2-1024x936.jpg 1024w, https:\/\/arenalfamilytransfers.com\/wp-content\/uploads\/2025\/08\/2.2-300x274.jpg 300w, https:\/\/arenalfamilytransfers.com\/wp-content\/uploads\/2025\/08\/2.2-768x702.jpg 768w, https:\/\/arenalfamilytransfers.com\/wp-content\/uploads\/2025\/08\/2.2.jpg 1357w\" sizes=\"auto, (max-width: 1024px) 100vw, 1024px\" \/><\/figure><\/li><li class=\"coblocks-gallery--item coblocks-animate\" data-coblocks-animation=\"clipVertical\"><figure class=\"wp-block-coblocks-gallery-offset__figure\"><img loading=\"lazy\" decoding=\"async\" width=\"1024\" height=\"617\" src=\"https:\/\/arenalfamilytransfers.com\/wp-content\/uploads\/2025\/06\/qtq80-5viiyT-1024x617.jpeg\" alt=\"\" data-id=\"99\" data-imglink=\"\" data-link=\"https:\/\/arenalfamilytransfers.com\/qtq80-5viiyt\/\" class=\"wp-image-99\" srcset=\"https:\/\/arenalfamilytransfers.com\/wp-content\/uploads\/2025\/06\/qtq80-5viiyT-1024x617.jpeg 1024w, https:\/\/arenalfamilytransfers.com\/wp-content\/uploads\/2025\/06\/qtq80-5viiyT-300x181.jpeg 300w, https:\/\/arenalfamilytransfers.com\/wp-content\/uploads\/2025\/06\/qtq80-5viiyT-768x463.jpeg 768w, https:\/\/arenalfamilytransfers.com\/wp-content\/uploads\/2025\/06\/qtq80-5viiyT.jpeg 1319w\" sizes=\"auto, (max-width: 1024px) 100vw, 1024px\" \/><\/figure><\/li><li class=\"coblocks-gallery--item coblocks-animate\" data-coblocks-animation=\"clipVertical\"><figure class=\"wp-block-coblocks-gallery-offset__figure\"><img loading=\"lazy\" decoding=\"async\" width=\"768\" height=\"1024\" src=\"https:\/\/arenalfamilytransfers.com\/wp-content\/uploads\/2025\/05\/buseta-3-768x1024.jpg\" alt=\"\" data-id=\"32\" data-imglink=\"\" data-link=\"https:\/\/arenalfamilytransfers.com\/home-page\/buseta-3\/\" class=\"wp-image-32\" srcset=\"https:\/\/arenalfamilytransfers.com\/wp-content\/uploads\/2025\/05\/buseta-3-768x1024.jpg 768w, https:\/\/arenalfamilytransfers.com\/wp-content\/uploads\/2025\/05\/buseta-3-225x300.jpg 225w, https:\/\/arenalfamilytransfers.com\/wp-content\/uploads\/2025\/05\/buseta-3.jpg 960w\" sizes=\"auto, (max-width: 768px) 100vw, 768px\" \/><\/figure><\/li><li class=\"coblocks-gallery--item coblocks-animate\" data-coblocks-animation=\"clipVertical\"><figure class=\"wp-block-coblocks-gallery-offset__figure\"><img loading=\"lazy\" decoding=\"async\" width=\"1024\" height=\"683\" src=\"https:\/\/arenalfamilytransfers.com\/wp-content\/uploads\/2025\/06\/qtq80-DakQR7-1024x683.jpeg\" alt=\"\" data-id=\"92\" data-imglink=\"\" data-link=\"https:\/\/arenalfamilytransfers.com\/qtq80-dakqr7\/\" class=\"wp-image-92\" srcset=\"https:\/\/arenalfamilytransfers.com\/wp-content\/uploads\/2025\/06\/qtq80-DakQR7-1024x683.jpeg 1024w, https:\/\/arenalfamilytransfers.com\/wp-content\/uploads\/2025\/06\/qtq80-DakQR7-300x200.jpeg 300w, https:\/\/arenalfamilytransfers.com\/wp-content\/uploads\/2025\/06\/qtq80-DakQR7-768x512.jpeg 768w, https:\/\/arenalfamilytransfers.com\/wp-content\/uploads\/2025\/06\/qtq80-DakQR7-1536x1024.jpeg 1536w, https:\/\/arenalfamilytransfers.com\/wp-content\/uploads\/2025\/06\/qtq80-DakQR7-2048x1365.jpeg 2048w\" sizes=\"auto, (max-width: 1024px) 100vw, 1024px\" \/><\/figure><\/li><\/ul><\/div>\n\n\n\n<h2 class=\"wp-block-heading alignwide has-text-align-center has-custom-lineheight has-custom-letterspacing\" style=\"line-height:1.66;letter-spacing:-0.9px;font-size:25px\">You set the course: create your own itinerary from scratch or follow the recommendations of your driver-guide, who will guide you with attention and expertise every step of the way<br>This private transfer service is tailored to you, whether for a single-day adventure or multiple consecutive days. An exclusive driver will be at your disposal for up to eight hours a day, ready to take you exactly where you dream of going.<br>Whether you want to fulfill your bucket list in Costa Rica or discover unexpected hidden gems, we\u2019re here to make it possible.<br>We understand how much you value your time and what it means to invest in a memorable vacation. That\u2019s why we are committed to providing you with an authentic, carefully crafted, and truly unforgettable experience.<\/h2>\n\n\n\n<div style=\"height:32px\" aria-hidden=\"true\" class=\"wp-block-spacer\"><\/div>\n\n\n\n<div class=\"wp-block-columns is-layout-flex wp-container-core-columns-is-layout-9d6595d7 wp-block-columns-is-layout-flex\">\n<div class=\"wp-block-column is-vertically-aligned-top has-primary-background-color has-background is-layout-flow wp-block-column-is-layout-flow\" style=\"padding-top:0;padding-right:var(--wp--preset--spacing--40);padding-bottom:0;padding-left:var(--wp--preset--spacing--40);flex-basis:900px\">\n<p><\/p>\n\n\n\n<h2 class=\"wp-block-heading\" style=\"font-size:48px\">What\u2019s included in your experience?<\/h2>\n\n\n\n<p class=\"has-quaternary-color has-text-color has-link-color wp-elements-f88838cb046e61bee3a29008e54fa053\"><\/p>\n\n\n\n<p>\u2714 Receive a personalized welcome at the meeting point you choose.<br> \u2714 Servicio completamente privado, dise\u00f1ado solo para ti y tu grupo.<br> \u2714 Enjoy a comfortable vehicle with a private driver, available for up to 8 hours per day.<br> \u2714 All driver expenses covered, including meals and accommodation.<br> \u2714 Tolls, parking, and other driving-related costs included.<br> \u2714 Child and baby seats provided free of charge. <strong>Available upon request.<\/strong><\/p>\n<\/div>\n\n\n\n<div class=\"wp-block-column is-vertically-aligned-stretch has-primary-background-color has-background is-layout-flow wp-block-column-is-layout-flow\" style=\"padding-right:var(--wp--preset--spacing--50);padding-left:var(--wp--preset--spacing--50);flex-basis:900px\">\n<h2 class=\"wp-block-heading\" style=\"font-size:48px\">What\u2019s not included?<\/h2>\n\n\n\n<p><br>\u2718 Meals, beverages, and accommodation for passengers are not included.<br>\u2718 Personal medical and travel insurance is not included.<br>\u2718 Tickets, activities, and admission fees are not included.<br>\u2718 Wheelchair access available at an additional cost.<\/p>\n<\/div>\n<\/div>\n\n\n\n<div style=\"height:32px\" aria-hidden=\"true\" class=\"wp-block-spacer\"><\/div>\n\n\n\n<div class=\"wp-block-media-text alignfull is-stacked-on-mobile\"><figure class=\"wp-block-media-text__media\"><img loading=\"lazy\" decoding=\"async\" width=\"1024\" height=\"683\" src=\"https:\/\/arenalfamilytransfers.com\/wp-content\/uploads\/2025\/06\/qtq80-H54oAF-1024x683.jpeg\" alt=\"\" class=\"wp-image-100 size-full\" srcset=\"https:\/\/arenalfamilytransfers.com\/wp-content\/uploads\/2025\/06\/qtq80-H54oAF-1024x683.jpeg 1024w, https:\/\/arenalfamilytransfers.com\/wp-content\/uploads\/2025\/06\/qtq80-H54oAF-300x200.jpeg 300w, https:\/\/arenalfamilytransfers.com\/wp-content\/uploads\/2025\/06\/qtq80-H54oAF-768x512.jpeg 768w, https:\/\/arenalfamilytransfers.com\/wp-content\/uploads\/2025\/06\/qtq80-H54oAF-1536x1024.jpeg 1536w, https:\/\/arenalfamilytransfers.com\/wp-content\/uploads\/2025\/06\/qtq80-H54oAF-2048x1365.jpeg 2048w\" sizes=\"auto, (max-width: 1024px) 100vw, 1024px\" \/><\/figure><div class=\"wp-block-media-text__content\">\n<h2 class=\"wp-block-heading has-text-align-center\" style=\"font-size:47px\"><strong>Are you ready for your next great adventure?<\/strong><\/h2>\n\n\n\n<p>Begin making memories today.<br>Reserve your private transfer, customize your itinerary freely, and enjoy excursions tailored to you.<\/p>\n\n\n\n<p>On every trip, we blend comfort, reliability, and warmth, letting you experience Costa Rica just as you\u2019ve dreamed\u2026 or even better.<\/p>\n\n\n\n<p><\/p>\n\n\n\n<p><\/p>\n\n\n\n<div class=\"wp-block-buttons is-content-justification-center is-layout-flex wp-container-core-buttons-is-layout-16018d1d wp-block-buttons-is-layout-flex\">\n<div class=\"wp-block-button has-custom-width wp-block-button__width-50\"><a class=\"wp-block-button__link wp-element-button\" href=\"https:\/\/arenalfamilytransfers.com\/en\/contact-page\/\">Book Here<\/a><\/div>\n<\/div>\n<\/div><\/div>\n\n\n\n<p class=\"has-text-align-center\" style=\"font-size:47px\"><strong>Start your journey here.<\/strong><\/p>\n\n\n\n<p><\/p>\n\n\n\n<p><\/p>\n\n\n\n<div style=\"height:100px\" aria-hidden=\"true\" class=\"wp-block-spacer\"><\/div>\n\n\n<div class=\"wp-block-image\">\n<figure class=\"aligncenter size-full is-resized\"><img loading=\"lazy\" decoding=\"async\" width=\"740\" height=\"415\" src=\"https:\/\/arenalfamilytransfers.com\/wp-content\/uploads\/2025\/07\/perezozo-1.jpg\" alt=\"\" class=\"wp-image-178\" style=\"width:181px;height:auto\" srcset=\"https:\/\/arenalfamilytransfers.com\/wp-content\/uploads\/2025\/07\/perezozo-1.jpg 740w, https:\/\/arenalfamilytransfers.com\/wp-content\/uploads\/2025\/07\/perezozo-1-300x168.jpg 300w\" sizes=\"auto, (max-width: 740px) 100vw, 740px\" \/><\/figure>\n<\/div>\n\n\n<p class=\"has-text-align-center\"><strong><em>Travel with us and experience the Puuuuuura Vida of Costa Rica.<\/em><\/strong><\/p>\n\n\n\n<p class=\"has-text-align-center\" style=\"font-size:12px\">Private Transfers in Costa Rica<\/p>\n\n\n\n<p class=\"has-text-align-center\" style=\"font-size:12px\">COPYRIGHT \u00a9 2025 Arenal Family Transfers \u2013 All Rights Reserved<\/p>\n\n\n<div class=\"wp-block-coblocks-shape-divider alignfull is-style-pointed has-primary-color mt-0 mb-0\" style=\"\" aria-hidden=\"true\">\n\t\t\t<div class=\"wp-block-coblocks-shape-divider__svg-wrapper\" style=\"height:100px;\">\n\t\t\t\t<svg class=\"divider--pointed\" xmlns=\"http:\/\/www.w3.org\/2000\/svg\" viewbox=\"0 0 1000 100\" preserveaspectratio=\"none\"><path d=\"M737.9,94.7L0,0v100h1000V0L737.9,94.7z\"><\/path><\/svg>\n\t\t\t<\/div>\n\t\t\t<div class=\"wp-block-coblocks-shape-divider__alt-wrapper\" style=\"height:50px;\"><\/div>\n\t\t<\/div>\n\n\n<p><\/p>","protected":false},"excerpt":{"rendered":"<p>T\u00fa decides el rumbo, puedes crear tu propio itinerario desde cero o dejarte guiar por las sugerencias de tu conductor-gu\u00eda, quien te acompa\u00f1ar\u00e1 con atenci\u00f3n y conocimiento en cada paso del camino.Este servicio de transporte privado est\u00e1 dise\u00f1ado para adaptarse a ti, ya sea para una aventura de un solo d\u00eda o para varios d\u00edas [&hellip;]<\/p>\n","protected":false},"author":1,"featured_media":0,"parent":0,"menu_order":0,"comment_status":"closed","ping_status":"closed","template":"","meta":{"_coblocks_attr":"ArialHelvetica,","_coblocks_dimensions":"","_coblocks_responsive_height":"","_coblocks_accordion_ie_support":"","hide_page_title":"","footnotes":""},"class_list":["post-61","page","type-page","status-publish","hentry"],"_links":{"self":[{"href":"https:\/\/arenalfamilytransfers.com\/en\/wp-json\/wp\/v2\/pages\/61","targetHints":{"allow":["GET"]}}],"collection":[{"href":"https:\/\/arenalfamilytransfers.com\/en\/wp-json\/wp\/v2\/pages"}],"about":[{"href":"https:\/\/arenalfamilytransfers.com\/en\/wp-json\/wp\/v2\/types\/page"}],"author":[{"embeddable":true,"href":"https:\/\/arenalfamilytransfers.com\/en\/wp-json\/wp\/v2\/users\/1"}],"replies":[{"embeddable":true,"href":"https:\/\/arenalfamilytransfers.com\/en\/wp-json\/wp\/v2\/comments?post=61"}],"version-history":[{"count":28,"href":"https:\/\/arenalfamilytransfers.com\/en\/wp-json\/wp\/v2\/pages\/61\/revisions"}],"predecessor-version":[{"id":351,"href":"https:\/\/arenalfamilytransfers.com\/en\/wp-json\/wp\/v2\/pages\/61\/revisions\/351"}],"wp:attachment":[{"href":"https:\/\/arenalfamilytransfers.com\/en\/wp-json\/wp\/v2\/media?parent=61"}],"curies":[{"name":"wp","href":"https:\/\/api.w.org\/{rel}","templated":true}]}}