{"id":3,"date":"2025-05-27T14:56:59","date_gmt":"2025-05-27T14:56:59","guid":{"rendered":"https:\/\/arenalfamilytransfers.com\/?page_id=3"},"modified":"2025-07-12T23:47:17","modified_gmt":"2025-07-12T23:47:17","slug":"privacy-policy","status":"publish","type":"page","link":"https:\/\/arenalfamilytransfers.com\/en\/privacy-policy\/","title":{"rendered":"About Us"},"content":{"rendered":"<div class=\"wp-block-media-text alignwide has-media-on-the-right is-stacked-on-mobile\"><div class=\"wp-block-media-text__content\">\n<h2 class=\"wp-block-heading has-text-align-center\" style=\"font-size:64px\">About Us<\/h2>\n\n\n\n<p style=\"font-size:27px\"><\/p>\n\n\n\n<p style=\"font-size:23px\">Arenal Family Transfers is a family-owned company dedicated to providing tourist transportation services throughout Costa Rica<\/p>\n\n\n\n<p style=\"font-size:23px\"><\/p>\n\n\n\n<p style=\"font-size:23px\">Founded in 2017, two visionary tourism professionals joined their experience to provide our clients with a more personalized service.<br>The idea was realized with the birth of our daughter Emma Luc\u00eda in 2018, who inspired us to offer our clients a unique, family-oriented experience in Costa Rica<br>After a necessary pause in 2019, we returned with the same energy we began with and fresh ideas to share.<br>Come and discover us. Pura Vida!<\/p>\n<\/div><figure class=\"wp-block-media-text__media\"><img loading=\"lazy\" decoding=\"async\" width=\"768\" height=\"1024\" src=\"https:\/\/arenalfamilytransfers.com\/wp-content\/uploads\/2025\/07\/LISTAS-SIN-LOGOS-6-768x1024.jpg\" alt=\"\" class=\"wp-image-222 size-full\" srcset=\"https:\/\/arenalfamilytransfers.com\/wp-content\/uploads\/2025\/07\/LISTAS-SIN-LOGOS-6-768x1024.jpg 768w, https:\/\/arenalfamilytransfers.com\/wp-content\/uploads\/2025\/07\/LISTAS-SIN-LOGOS-6-225x300.jpg 225w, https:\/\/arenalfamilytransfers.com\/wp-content\/uploads\/2025\/07\/LISTAS-SIN-LOGOS-6.jpg 960w\" sizes=\"auto, (max-width: 768px) 100vw, 768px\" \/><\/figure><\/div>\n\n\n\n<div class=\"wp-block-group alignfull\" style=\"padding-top:0;padding-bottom:0;font-size:34px\"><div class=\"wp-block-group__inner-container is-layout-constrained wp-block-group-is-layout-constrained\">\n<h3 class=\"wp-block-heading alignwide has-text-align-center has-quaternary-background-color has-background\" style=\"font-size:40px\">OUR TEAM <\/h3>\n<\/div><\/div>\n\n\n\n<hr class=\"wp-block-separator has-alpha-channel-opacity\"\/>\n\n\n\n<div class=\"wp-block-media-text alignwide is-stacked-on-mobile\"><figure class=\"wp-block-media-text__media\"><img loading=\"lazy\" decoding=\"async\" width=\"768\" height=\"1024\" src=\"https:\/\/arenalfamilytransfers.com\/wp-content\/uploads\/2025\/07\/IMG-20250709-WA0009-768x1024.jpg\" alt=\"\" class=\"wp-image-142 size-full\" srcset=\"https:\/\/arenalfamilytransfers.com\/wp-content\/uploads\/2025\/07\/IMG-20250709-WA0009-768x1024.jpg 768w, https:\/\/arenalfamilytransfers.com\/wp-content\/uploads\/2025\/07\/IMG-20250709-WA0009-225x300.jpg 225w, https:\/\/arenalfamilytransfers.com\/wp-content\/uploads\/2025\/07\/IMG-20250709-WA0009.jpg 960w\" sizes=\"auto, (max-width: 768px) 100vw, 768px\" \/><\/figure><div class=\"wp-block-media-text__content\">\n<p class=\"has-text-align-center has-custom-weight\" style=\"font-weight:bold;font-size:39px\">Rafael Mora<\/p>\n\n\n\n<p class=\"has-text-align-center\">Rafael, founder of Arenal Family Transfers, will be your guide on our journeys. He brings extensive experience in tourism as both a driver and local guide, along with in-depth knowledge of Costa Rica\u2019s flora and fauna.<br>He will be there to ensure your trip is a memorable experience<\/p>\n\n\n\n<p class=\"has-text-align-center\"><\/p>\n<\/div><\/div>\n\n\n\n<div class=\"wp-block-buttons is-content-justification-center is-layout-flex wp-container-core-buttons-is-layout-16018d1d wp-block-buttons-is-layout-flex\">\n<div class=\"wp-block-button w-100\" id=\"https:\/\/arenalfamilytransfers.com\/contact-page\/\"><a class=\"wp-block-button__link wp-element-button\" href=\"https:\/\/arenalfamilytransfers.com\/en\/contact-page\/\">Contact Us<\/a><\/div>\n<\/div>\n\n\n\n<div style=\"height:100px\" aria-hidden=\"true\" class=\"wp-block-spacer\"><\/div>\n\n\n<div class=\"wp-block-image\">\n<figure class=\"aligncenter size-full is-resized\"><img loading=\"lazy\" decoding=\"async\" width=\"740\" height=\"415\" src=\"https:\/\/arenalfamilytransfers.com\/wp-content\/uploads\/2025\/07\/perezozo-1.jpg\" alt=\"\" class=\"wp-image-178\" style=\"width:181px;height:auto\" srcset=\"https:\/\/arenalfamilytransfers.com\/wp-content\/uploads\/2025\/07\/perezozo-1.jpg 740w, https:\/\/arenalfamilytransfers.com\/wp-content\/uploads\/2025\/07\/perezozo-1-300x168.jpg 300w\" sizes=\"auto, (max-width: 740px) 100vw, 740px\" \/><\/figure>\n<\/div>\n\n\n<p class=\"has-text-align-center\"><strong><em>Travel with us and experience the Puuuuuura Vida of Costa Rica.<\/em><\/strong><\/p>\n\n\n\n<p class=\"has-text-align-center\" style=\"font-size:12px\">Private Transfers in Costa Rica<\/p>\n\n\n\n<p class=\"has-text-align-center\" style=\"font-size:12px\">COPYRIGHT \u00a9 2025 Arenal Family Transfers \u2013 All Rights Reserved<\/p>\n\n\n<div class=\"wp-block-coblocks-shape-divider alignfull is-style-pointed has-primary-color mt-0 mb-0\" style=\"\" aria-hidden=\"true\">\n\t\t\t<div class=\"wp-block-coblocks-shape-divider__svg-wrapper\" style=\"height:100px;\">\n\t\t\t\t<svg class=\"divider--pointed\" xmlns=\"http:\/\/www.w3.org\/2000\/svg\" viewbox=\"0 0 1000 100\" preserveaspectratio=\"none\"><path d=\"M737.9,94.7L0,0v100h1000V0L737.9,94.7z\"><\/path><\/svg>\n\t\t\t<\/div>\n\t\t\t<div class=\"wp-block-coblocks-shape-divider__alt-wrapper\" style=\"height:50px;\"><\/div>\n\t\t<\/div>\n\n\n<p><\/p>","protected":false},"excerpt":{"rendered":"<p>Quienes somos Arenal Family Transfer es una empresa familiar dedicados al servicios de transportes tur\u00edsticos alrededor de CR inici\u00f3 en el 2017, donde 2 personas visionarias que trabajando en turismo decidieron unir su experiencia para ofrecer a nuestros clientes un servicio m\u00e1s personalizado.Esta idea se concret\u00f3 con el nacimiento de nuestra hija Emma Luc\u00eda en [&hellip;]<\/p>\n","protected":false},"author":1,"featured_media":0,"parent":0,"menu_order":0,"comment_status":"closed","ping_status":"open","template":"","meta":{"_coblocks_attr":"","_coblocks_dimensions":"","_coblocks_responsive_height":"","_coblocks_accordion_ie_support":"","hide_page_title":"","footnotes":""},"class_list":["post-3","page","type-page","status-publish","hentry"],"_links":{"self":[{"href":"https:\/\/arenalfamilytransfers.com\/en\/wp-json\/wp\/v2\/pages\/3","targetHints":{"allow":["GET"]}}],"collection":[{"href":"https:\/\/arenalfamilytransfers.com\/en\/wp-json\/wp\/v2\/pages"}],"about":[{"href":"https:\/\/arenalfamilytransfers.com\/en\/wp-json\/wp\/v2\/types\/page"}],"author":[{"embeddable":true,"href":"https:\/\/arenalfamilytransfers.com\/en\/wp-json\/wp\/v2\/users\/1"}],"replies":[{"embeddable":true,"href":"https:\/\/arenalfamilytransfers.com\/en\/wp-json\/wp\/v2\/comments?post=3"}],"version-history":[{"count":24,"href":"https:\/\/arenalfamilytransfers.com\/en\/wp-json\/wp\/v2\/pages\/3\/revisions"}],"predecessor-version":[{"id":264,"href":"https:\/\/arenalfamilytransfers.com\/en\/wp-json\/wp\/v2\/pages\/3\/revisions\/264"}],"wp:attachment":[{"href":"https:\/\/arenalfamilytransfers.com\/en\/wp-json\/wp\/v2\/media?parent=3"}],"curies":[{"name":"wp","href":"https:\/\/api.w.org\/{rel}","templated":true}]}}