{"id":13,"date":"2025-05-27T16:43:47","date_gmt":"2025-05-27T16:43:47","guid":{"rendered":"https:\/\/arenalfamilytransfers.com\/contact-page\/"},"modified":"2025-07-15T18:25:50","modified_gmt":"2025-07-16T00:25:50","slug":"contact-page","status":"publish","type":"page","link":"https:\/\/arenalfamilytransfers.com\/en\/contact-page\/","title":{"rendered":"Reservations"},"content":{"rendered":"<h1 class=\"wp-block-heading has-text-align-center\">Reservations<\/h1>\n\n\n\n<div style=\"height:100px\" aria-hidden=\"true\" class=\"wp-block-spacer\"><\/div>\n\n\n\n<h2 class=\"wp-block-heading has-text-align-center\" style=\"font-size:32px\">Information Required to Request More Info<\/h2>\n\n\n\n<div class=\"wp-block-columns alignwide is-layout-flex wp-container-core-columns-is-layout-9d6595d7 wp-block-columns-is-layout-flex\">\n<div class=\"wp-block-column has-quaternary-color has-primary-background-color has-text-color has-background has-link-color wp-elements-badd3c76c19288288ca267df9c0dedbc is-layout-flow wp-block-column-is-layout-flow\" style=\"padding-top:var(--wp--preset--spacing--50);padding-bottom:var(--wp--preset--spacing--50)\">\n<h3 class=\"wp-block-heading has-text-align-center has-quaternary-color has-text-color has-link-color wp-elements-46395a02433a94047fa5bc9529131be2\">TRANSFERS<\/h3>\n\n\n\n<p>To ensure an efficient service tailored to your needs, please fill out the form with the following information:<\/p>\n\n\n\n<p>\u25c9 Pick-up and drop-off points, including date and time.<\/p>\n\n\n\n<p>\u25c9 Phone Number<\/p>\n\n\n\n<p>\u25c9 Number of guests, please specify:<\/p>\n\n\n\n<p><\/p>\n\n\n\n<p>Adults (13+ years)<\/p>\n\n\n\n<p>Children (3\u201312 years)<\/p>\n\n\n\n<p>Infants (0\u20133 years)<\/p>\n\n\n\n<p><\/p>\n\n\n\n<p><\/p>\n\n\n\n<p class=\"has-text-align-center\">With this information, we can give you an accurate estimate and arrange your transfer in a safe and comfortable way. <\/p>\n<\/div>\n\n\n\n<div class=\"wp-block-column has-quaternary-color has-primary-background-color has-text-color has-background has-link-color wp-elements-84c022b5c94c1fa2aff9eeaea34daa2e is-layout-flow wp-block-column-is-layout-flow\">\n<h3 class=\"wp-block-heading has-text-align-center has-quaternary-color has-text-color has-link-color wp-elements-a4a37f26525bc55280517b05eb87f9ab\">TOURS<\/h3>\n\n\n\n<p>We want to help you create an unforgettable experience in Costa Rica. To offer a personalized proposal based on your interests, please fill out the form below with the requested information:<\/p>\n\n\n\n<p>\u25c9 Pick-up and drop-off points<\/p>\n\n\n\n<p>\u25c9 Tours or activities you would like to join<\/p>\n\n\n\n<p>\u25c9 Phone Number<\/p>\n\n\n\n<p>\u25c9  Date and time<\/p>\n\n\n\n<p>\u25c9 Number of guests, please specify:<\/p>\n\n\n\n<p>Adults (13+ years)<\/p>\n\n\n\n<p>Children (3\u201312 years)<\/p>\n\n\n\n<p>Infants (0\u20133 years)<\/p>\n\n\n\n<p>Using this information, we\u2019ll create a tailored and comfortable itinerary for you and your group. <\/p>\n<\/div>\n<\/div>\n\n\n\n<h2 class=\"wp-block-heading alignfull has-text-align-center\" style=\"font-size:30px\"> Thank you for choosing Arenal Family Transfers to discover the very best of Costa Rica! <\/h2>\n\n\n\n<div class=\"wp-block-group\"><div class=\"wp-block-group__inner-container is-layout-constrained wp-block-group-is-layout-constrained\">\n<div class=\"wp-block-group\"><div class=\"wp-block-group__inner-container is-layout-constrained wp-block-group-is-layout-constrained\">\n<div class=\"wp-block-columns is-layout-flex wp-container-core-columns-is-layout-9d6595d7 wp-block-columns-is-layout-flex\">\n<div class=\"wp-block-column is-layout-flow wp-block-column-is-layout-flow\" style=\"flex-basis:100%\">\n<div class=\"wp-block-group\"><div class=\"wp-block-group__inner-container is-layout-constrained wp-block-group-is-layout-constrained\">\n<div class=\"wp-block-buttons alignwide is-content-justification-center is-layout-flex wp-container-core-buttons-is-layout-16018d1d wp-block-buttons-is-layout-flex\">\n<div class=\"wp-block-button has-custom-width wp-block-button__width-75 wp-block-button__width-100\"><a class=\"wp-block-button__link wp-element-button\" href=\"mailto:arenalfamilytransfers@gmail.com?subject=Solicitud%20de%20informaci%C3%B3n&amp;body=Datos%20Necesarios%20para%20la%20solicitud%20de%20informaci%C3%B3n%0A%0A%E2%97%89%20Lugar%20a%20recoger%0A%E2%97%89%20Destino%0A%E2%97%89%20Nombre%0A%E2%97%89%20Tel%C3%A9fono%20de%20contacto%0A%E2%97%89%20Fecha%0A%E2%97%89%20Cantidad%20de%20personas%2C%20especificando%3A%0AAdultos%20%2813%20a%C3%B1os%20o%20m%C3%A1s%29%0ANi%C3%B1os%20%283%20a%2012%20a%C3%B1os%29%0ABeb%C3%A9s%20%280%20a%203%20a%C3%B1os%29%0A%0A%E2%97%89%20Servicio%20que%20desea%0ATransporte%0Atrasporte%20%2B%20tours%0AFull%20Day%0A%0A%E2%97%89%20Preferencias%20de%20itinerario%0A%28%20%29%20Desea%20que%20se%20le%20env%C3%ADen%20opciones%20de%20tours%20seg%C3%BAn%20la%20zona%20y%20su%20grupo%20de%20viaje.%0A%28%20%29%20Ya%20tiene%20un%20intinerario%2C%20solo%20necesita%20trasporte.%0A%28%20%29%20Solo%20trasporte%20punto%20a%20Punto.%0A%28%20%29%20Necesita%20transporte%20Punto%20a%20punto%2C%20Guia%20Personal%20e%20informaci%C3%B3n%20de%20Tours.%0A%0AOtras%20especificaciones%3A\">\n     Book\n  <\/a><\/div>\n\n\n\n<div class=\"wp-block-button has-custom-width wp-block-button__width-100\"><a class=\"wp-block-button__link has-text-align-center wp-element-button\" href=\"http:\/\/wa.me\/+50661065353\">Whatsapp<\/a><\/div>\n<\/div>\n<\/div><\/div>\n<\/div>\n<\/div>\n<\/div><\/div>\n<\/div><\/div>\n\n\n\n<h3 class=\"wp-block-heading alignfull has-text-align-center\"><br><strong>Travel in comfort, safety, and at your own pace.<\/strong><\/h3>\n\n\n\n<div class=\"wp-block-columns alignwide is-layout-flex wp-container-core-columns-is-layout-9d6595d7 wp-block-columns-is-layout-flex\">\n<div class=\"wp-block-column is-vertically-aligned-top is-layout-flow wp-block-column-is-layout-flow\">\n<h3 class=\"wp-block-heading has-text-align-center\">Contact<\/h3>\n\n\n<div class=\"wp-block-image\">\n<figure class=\"aligncenter size-full is-resized\"><img loading=\"lazy\" decoding=\"async\" width=\"107\" height=\"82\" src=\"https:\/\/arenalfamilytransfers.com\/wp-content\/uploads\/2025\/07\/image-2.png\" alt=\"\" class=\"wp-image-210\" style=\"width:84px;height:auto\"\/><\/figure>\n<\/div>\n\n\n<div class=\"wp-block-group is-nowrap is-layout-flex wp-container-core-group-is-layout-ad2f72ca wp-block-group-is-layout-flex\">\n<p class=\"has-text-align-center\">+(506) 6106 5353 <br>+(506) 8494 6153 <br><\/p>\n<\/div>\n<\/div>\n\n\n\n<div class=\"wp-block-column is-vertically-aligned-top is-layout-flow wp-block-column-is-layout-flow\">\n<h3 class=\"wp-block-heading has-text-align-center\">Our Location<\/h3>\n\n\n<div class=\"wp-block-image\">\n<figure class=\"aligncenter size-full is-resized\"><img loading=\"lazy\" decoding=\"async\" width=\"103\" height=\"95\" src=\"https:\/\/arenalfamilytransfers.com\/wp-content\/uploads\/2025\/07\/image-3.png\" alt=\"\" class=\"wp-image-211\" style=\"width:77px;height:auto\"\/><\/figure>\n<\/div>\n\n\n<p class=\"has-text-align-center\">La Fortuna, San Carlos, Costa Rica <\/p>\n<\/div>\n\n\n\n<div class=\"wp-block-column is-vertically-aligned-top is-layout-flow wp-block-column-is-layout-flow\">\n<h3 class=\"wp-block-heading has-text-align-center\">Email<\/h3>\n\n\n<div class=\"wp-block-image\">\n<figure class=\"aligncenter size-large is-resized\"><img loading=\"lazy\" decoding=\"async\" width=\"98\" height=\"74\" src=\"https:\/\/arenalfamilytransfers.com\/wp-content\/uploads\/2025\/07\/image-5.png\" alt=\"\" class=\"wp-image-213\" style=\"width:79px;height:auto\"\/><\/figure>\n<\/div>\n\n\n<p class=\"has-text-align-center\">arenalfamilytransfers@gmail.com<\/p>\n<\/div>\n<\/div>\n\n\n\n<div style=\"height:49px\" aria-hidden=\"true\" class=\"wp-block-spacer\"><\/div>\n\n\n<div class=\"wp-block-image\">\n<figure class=\"aligncenter size-full is-resized\"><img loading=\"lazy\" decoding=\"async\" width=\"740\" height=\"415\" src=\"https:\/\/arenalfamilytransfers.com\/wp-content\/uploads\/2025\/07\/perezozo-1.jpg\" alt=\"\" class=\"wp-image-178\" style=\"width:181px;height:auto\" srcset=\"https:\/\/arenalfamilytransfers.com\/wp-content\/uploads\/2025\/07\/perezozo-1.jpg 740w, https:\/\/arenalfamilytransfers.com\/wp-content\/uploads\/2025\/07\/perezozo-1-300x168.jpg 300w\" sizes=\"auto, (max-width: 740px) 100vw, 740px\" \/><\/figure>\n<\/div>\n\n\n<p class=\"has-text-align-center\"><strong><em>Travel with us and experience the Puuuuuura Vida of Costa Rica.<\/em><\/strong><\/p>\n\n\n\n<p class=\"has-text-align-center\" style=\"font-size:12px\">Private Transfers in Costa Rica<\/p>\n\n\n\n<p class=\"has-text-align-center\" style=\"font-size:12px\">COPYRIGHT \u00a9 2025 Arenal Family Transfers \u2013 All Rights Reserved<\/p>\n\n\n<div class=\"wp-block-coblocks-shape-divider alignfull is-style-pointed has-primary-color mt-0 mb-0\" style=\"\" aria-hidden=\"true\">\n\t\t\t<div class=\"wp-block-coblocks-shape-divider__svg-wrapper\" style=\"height:100px;\">\n\t\t\t\t<svg class=\"divider--pointed\" xmlns=\"http:\/\/www.w3.org\/2000\/svg\" viewbox=\"0 0 1000 100\" preserveaspectratio=\"none\"><path d=\"M737.9,94.7L0,0v100h1000V0L737.9,94.7z\"><\/path><\/svg>\n\t\t\t<\/div>\n\t\t\t<div class=\"wp-block-coblocks-shape-divider__alt-wrapper\" style=\"height:50px;\"><\/div>\n\t\t<\/div>\n\n\n<p><\/p>","protected":false},"excerpt":{"rendered":"<p>Reserva con nosotros DATOS NECESARIOS PARA SOLICITAR INFORMACI\u00d3N TRASLADOS Para ofrecerle un servicio eficiente y adaptado a sus necesidades, complete el formulario con la siguiente informaci\u00f3n: Lugar de recogida y destino final, incluyendo hora y fecha Tel\u00e9fono de contacto N\u00famero de personas, especificando: \u25c9 Adultos (13 a\u00f1os o m\u00e1s) \u25c9 Ni\u00f1os (3 a 12 a\u00f1os) [&hellip;]<\/p>\n","protected":false},"author":1,"featured_media":0,"parent":0,"menu_order":0,"comment_status":"closed","ping_status":"closed","template":"","meta":{"_coblocks_attr":"Times New Roman,Barlow Condensed,Fira Sans,Open Sans,Times New Roman","_coblocks_dimensions":"","_coblocks_responsive_height":"","_coblocks_accordion_ie_support":"","hide_page_title":"","footnotes":""},"class_list":["post-13","page","type-page","status-publish","hentry"],"_links":{"self":[{"href":"https:\/\/arenalfamilytransfers.com\/en\/wp-json\/wp\/v2\/pages\/13","targetHints":{"allow":["GET"]}}],"collection":[{"href":"https:\/\/arenalfamilytransfers.com\/en\/wp-json\/wp\/v2\/pages"}],"about":[{"href":"https:\/\/arenalfamilytransfers.com\/en\/wp-json\/wp\/v2\/types\/page"}],"author":[{"embeddable":true,"href":"https:\/\/arenalfamilytransfers.com\/en\/wp-json\/wp\/v2\/users\/1"}],"replies":[{"embeddable":true,"href":"https:\/\/arenalfamilytransfers.com\/en\/wp-json\/wp\/v2\/comments?post=13"}],"version-history":[{"count":55,"href":"https:\/\/arenalfamilytransfers.com\/en\/wp-json\/wp\/v2\/pages\/13\/revisions"}],"predecessor-version":[{"id":312,"href":"https:\/\/arenalfamilytransfers.com\/en\/wp-json\/wp\/v2\/pages\/13\/revisions\/312"}],"wp:attachment":[{"href":"https:\/\/arenalfamilytransfers.com\/en\/wp-json\/wp\/v2\/media?parent=13"}],"curies":[{"name":"wp","href":"https:\/\/api.w.org\/{rel}","templated":true}]}}